{"id":1331,"date":"2022-11-26T04:16:05","date_gmt":"2022-11-26T07:16:05","guid":{"rendered":"https:\/\/eusouorion.com.br\/?page_id=1331"},"modified":"2025-04-12T23:30:32","modified_gmt":"2025-04-12T23:30:32","slug":"apoie-o-canal","status":"publish","type":"page","link":"https:\/\/eusouorion.com.br\/?page_id=1331","title":{"rendered":"Apoie o Canal"},"content":{"rendered":"<p>Voc\u00ea pode apoiar o canal de v\u00e1rias maneiras. Caso voc\u00ea deseje apoiar o canal, temos as modalidades a seguir:<\/p>\n<p><a href=\"https:\/\/www.magazinevoce.com.br\/magazineandreorion\/\" rel=\"noopener\" target=\"_blank\"><img loading=\"lazy\" decoding=\"async\" src=\"https:\/\/eusouorion.com.br\/wp-content\/uploads\/2025\/04\/Captura-de-tela_2025-03-12_22-08-38.jpg\" alt=\"\" width=\"300\" height=\"169\" class=\"alignnone size-medium wp-image-1592\" \/><\/p>\n<p>Compre produtos na loja virtual<\/p>\n<p><\/a><\/p>\n<p><a href=\"https:\/\/apoia.se\/eusouorion\" rel=\"noopener\" target=\"_blank\"><img loading=\"lazy\" decoding=\"async\" src=\"https:\/\/eusouorion.com.br\/wp-content\/uploads\/2025\/04\/apoiase.png\" alt=\"\" width=\"300\" height=\"53\" class=\"alignnone size-medium wp-image-1594\" \/><\/p>\n<p>Participe da campanha no apoia.se<\/p>\n<p>.<\/a><\/p>\n<p><a href=\"https:\/\/livepix.gg\/eusouorion\" rel=\"noopener\" target=\"_blank\"><img loading=\"lazy\" decoding=\"async\" src=\"https:\/\/eusouorion.com.br\/wp-content\/uploads\/2025\/04\/livepix.png\" alt=\"\" width=\"300\" height=\"92\" class=\"alignnone size-medium wp-image-1596\" \/><\/p>\n<p>Voc\u00ea tamb\u00e9m pode apoiar o canal pelo LivePIX<\/p>\n<p><\/a><\/p>\n<p>&nbsp;<\/p>\n","protected":false},"excerpt":{"rendered":"<p>Voc\u00ea pode apoiar o canal de v\u00e1rias maneiras. Caso voc\u00ea deseje apoiar o canal, temos as modalidades a seguir: Compre produtos na loja virtual Participe da campanha no apoia.se . Voc\u00ea tamb\u00e9m pode apoiar o canal pelo LivePIX &nbsp;<\/p>\n","protected":false},"author":1,"featured_media":0,"parent":0,"menu_order":0,"comment_status":"closed","ping_status":"closed","template":"","meta":{"footnotes":""},"class_list":["post-1331","page","type-page","status-publish","hentry"],"_links":{"self":[{"href":"https:\/\/eusouorion.com.br\/index.php?rest_route=\/wp\/v2\/pages\/1331","targetHints":{"allow":["GET"]}}],"collection":[{"href":"https:\/\/eusouorion.com.br\/index.php?rest_route=\/wp\/v2\/pages"}],"about":[{"href":"https:\/\/eusouorion.com.br\/index.php?rest_route=\/wp\/v2\/types\/page"}],"author":[{"embeddable":true,"href":"https:\/\/eusouorion.com.br\/index.php?rest_route=\/wp\/v2\/users\/1"}],"replies":[{"embeddable":true,"href":"https:\/\/eusouorion.com.br\/index.php?rest_route=%2Fwp%2Fv2%2Fcomments&post=1331"}],"version-history":[{"count":3,"href":"https:\/\/eusouorion.com.br\/index.php?rest_route=\/wp\/v2\/pages\/1331\/revisions"}],"predecessor-version":[{"id":1641,"href":"https:\/\/eusouorion.com.br\/index.php?rest_route=\/wp\/v2\/pages\/1331\/revisions\/1641"}],"wp:attachment":[{"href":"https:\/\/eusouorion.com.br\/index.php?rest_route=%2Fwp%2Fv2%2Fmedia&parent=1331"}],"curies":[{"name":"wp","href":"https:\/\/api.w.org\/{rel}","templated":true}]}}